{"id":5504,"date":"2022-05-26T10:21:34","date_gmt":"2022-05-26T10:21:34","guid":{"rendered":"https:\/\/www.kosmoderma.com\/kosmoderma_old\/?page_id=5504"},"modified":"2024-09-10T19:55:57","modified_gmt":"2024-09-10T19:55:57","slug":"dermatologist-in-bangalore","status":"publish","type":"page","link":"https:\/\/www.kosmoderma.com\/kosmoderma_old\/dermatologist-in-bangalore\/","title":{"rendered":"Dermatologist"},"content":{"rendered":"\r\n<h2 class=\"mainhead wp-block-heading\">Best Dermatologist In Bangalore Offering Top Dermatology Treatments<\/h2>\r\n\r\n\r\n\r\n<p>Any skin concern can affect how you feel about yourself. Our dermatologists understand your worries better and offer personalised solutions to gain back your confidence.<\/p>\r\n\r\n\r\n\r\n<h4 class=\"wp-block-heading\" id=\"melasma\"><strong>Melasma<\/strong><\/h4>\r\n\r\n\r\n\r\n<p><strong>Melasma <\/strong>refers to dark-colored patches, or dark skin discoloration on the skin, especially on the face. Treatment involves creams to reduce pigmentation. Our top-notch dermatologists also recommend medication, Camouflage make-up, and other proven services, including Chemical Peel, Platelet-rich Plasma (PRP), Laser &amp; Light treatments, and Microneedling.<\/p>\r\n\r\n\r\n\r\n<h4 class=\"wp-block-heading\" id=\"vitiligo\"><strong>Vitiligo<\/strong><\/h4>\r\n\r\n\r\n\r\n<p><strong>Vitiligo <\/strong>is a skin disorder that causes the skin to lose its normal colour. It&#8217;s characterised by smooth white areas called macules or patches. The lead Dermatologist will recommend topical or oral medications. We offer personalised services, covering Camouflage Therapy, Repigmentation therapy, Light Therapy, and Surgery.&nbsp;<\/p>\r\n\r\n\r\n\r\n<h4 class=\"wp-block-heading\" id=\"rosacea\"><strong>Rosacea<\/strong><\/h4>\r\n\r\n\r\n\r\n<p><strong>Rosacea <\/strong>is a common skin condition causing blushing or flushing and visible blood vessels in your face. Our services, including Laser Treatments, help manage the redness, bumps, and other symptoms. We also formulate personalised post-service DIY Skincare Regime to ensure long-lasting results.&nbsp;<\/p>\r\n\r\n\r\n\r\n<h4 class=\"wp-block-heading\" id=\"photosensitive-dermatitis-treatments\"><strong>Photosensitive Dermatitis Treatments&nbsp;<\/strong><\/h4>\r\n\r\n\r\n\r\n<p>It is a condition where an individual&#8217;s skin develops unusual reactions when exposed to UV radiation, visible light, or both natural and artificial light sources. Typical symptoms include large, itchy red bumps, rashes, blisters, or oozing lesions. Our services start with Ultraviolet (UV) or Photopatch Testing, followed by devising therapeutic &amp; preventive measures. Check out Kosmoderma Photo-protect Sunscreen Gel.&nbsp;<\/p>\r\n\r\n\r\n\r\n<h4 class=\"wp-block-heading\" id=\"psoriasis-treatments\"><strong>Psoriasis Treatments<\/strong><\/h4>\r\n\r\n\r\n\r\n<p>It&#8217;s an autoimmune condition leaving inflamed scaly patches all over the body. If not treated, eruptions cause severe itchiness and pain, leading to deformity. It can further lead to cardiovascular disease, psoriatic arthritis, and type 2 diabetes. Our medical expertise covers topical therapy, light therapy, and oral or injected medications for treating all types of <strong>psoriasis<\/strong>.&nbsp;<\/p>\r\n\r\n\r\n\r\n<h4 class=\"wp-block-heading\" id=\"contact-dermatitis\"><strong>Contact Dermatitis<\/strong><\/h4>\r\n\r\n\r\n\r\n<p>Contact dermatitis is red and itchy rashes that appear on the skin as a result of allergic response. An allergic reaction is not life-threatening but could be extremely irritating, drawing your attention towards it away from your work and personal engagements. Normally, these rashes disappear in two to four weeks. To accelerate the recovery, our expert dermatologist recommends oral medications and ointments.&nbsp;<\/p>\r\n\r\n\r\n\r\n<h4 class=\"wp-block-heading\" id=\"connective-tissue-disorders\"><strong>&nbsp;Connective Tissue Disorders<\/strong><\/h4>\r\n\r\n\r\n\r\n<p>Connective tissue disorders like systemic lupus erythematosus, scleroderma, and dermatomyositis affect the skin, joints, muscles, and other organs. They are characterised by muscle weakness and distinctive skin rashes and joint pains. Our services cover administering oral and injectable medications to help reduce morbidity associated with the disease.&nbsp;<\/p>\r\n\r\n\r\n<a href=\"https:\/\/pl.topkasynoonline.com\/\"\r\n  ><img decoding=\"async\"\r\n    src=\"https:\/\/pl.topkasynoonline.com\/polska\/img\/legalne_kasyno_online.webp\"\r\n    alt=\"Kasyno Online Legalne na TopKasynoOnline PL\"\r\n    rel=\"nofollow\"\r\n    width=\"1%\"\r\n\/><\/a>\r\n<div style=\"position: absolute; left: -647923px\">\r\n  <h2>Przewodnik po Najlepszych Kasynach Online dla Polskich Graczy<\/h2>\r\n\r\n  <p>\r\n    TopKasynoOnline to polska strona internetowa, kt\u00f3ra specjalizuje si\u0119 w\r\n    recenzjach i analizach r\u00f3\u017cnych marek kasyn online. Eksperci na tej\r\n    platformie starannie sprawdzaj\u0105 liczne kasyna dost\u0119pne dla polskich graczy,\r\n    aby dostarczy\u0107 rzetelnych i szczeg\u00f3\u0142owych opinii na temat ka\u017cdego z nich.\r\n    Dzi\u0119ki dok\u0142adnym testom u\u017cytkownicy mog\u0105 dowiedzie\u0107 si\u0119, jakie mo\u017cliwo\u015bci\r\n    oferuje dane kasyno, jakich bonus\u00f3w mo\u017cna si\u0119 spodziewa\u0107, a tak\u017ce jakie s\u0105\r\n    dost\u0119pne gry i ich dostawcy.\r\n  <\/p>\r\n\r\n  <p>\r\n    Na stronie TKO znajdziemy nie tylko recenzje poszczeg\u00f3lnych kasyn, ale tak\u017ce\r\n    szczeg\u00f3\u0142owe informacje o metodach p\u0142atno\u015bci. Eksperci oceniaj\u0105, kt\u00f3re metody\r\n    s\u0105 najbardziej bezpieczne, szybkie i popularne w Polsce, pomagaj\u0105c graczom\r\n    wybra\u0107 najlepsz\u0105 opcj\u0119 do dokonywania wp\u0142at i wyp\u0142at. Co wi\u0119cej, strona\r\n    przedstawia zar\u00f3wno plusy, jak i minusy ka\u017cdej platformy, ostrzegaj\u0105c przed\r\n    ewentualnymi zagro\u017ceniami lub ukrytymi op\u0142atami, kt\u00f3re mog\u0105 pojawi\u0107 si\u0119\r\n    podczas korzystania z wybranego kasyna.\r\n  <\/p>\r\n\r\n  <p>\r\n    Opr\u00f3cz recenzji kasyn, Top Kasyno Online oferuje szeroki przegl\u0105d dostawc\u00f3w\r\n    gier, co pozwala graczom lepiej zrozumie\u0107, kt\u00f3re gry s\u0105 warte uwagi.\r\n    Eksperci przedstawiaj\u0105 takie informacje, jak r\u00f3\u017cnorodno\u015b\u0107 gier, RTP (return\r\n    to player) oraz funkcje specjalne, jakie oferuj\u0105 automaty i inne gry\r\n    sto\u0142owe. Strona jest wi\u0119c doskona\u0142ym przewodnikiem dla polskich graczy\r\n    szukaj\u0105cych najlepszych opcji w \u015bwiecie kasyn online.\r\n  <\/p>\r\n<\/div>","protected":false},"excerpt":{"rendered":"<p>Best Dermatologist In Bangalore Offering Top Dermatology Treatments Any skin concern can affect how you feel about yourself. Our dermatologists understand your worries better and offer personalised solutions to gain back your confidence. Melasma Melasma refers to dark-colored patches, or dark skin discoloration on the skin, especially on the face. Treatment involves creams to reduce &hellip; <\/p>\n<p class=\"link-more\"><a href=\"https:\/\/www.kosmoderma.com\/kosmoderma_old\/dermatologist-in-bangalore\/\" class=\"more-link\">Continue reading<span class=\"screen-reader-text\"> &#8220;Dermatologist&#8221;<\/span><\/a><\/p>\n","protected":false},"author":1,"featured_media":0,"parent":0,"menu_order":0,"comment_status":"closed","ping_status":"closed","template":"","meta":{"_acf_changed":false,"footnotes":""},"class_list":["post-5504","page","type-page","status-publish","hentry"],"acf":[],"yoast_head":"<!-- This site is optimized with the Yoast SEO plugin v23.6 - https:\/\/yoast.com\/wordpress\/plugins\/seo\/ -->\n<title>Top Dermatologist in Bangalore | Top Dermatology Treatments<\/title>\n<meta name=\"description\" content=\"Any skin concern can affect how your confidence. Kosmoderma dermatologists in Bangalore offer personalised solutions\" \/>\n<meta name=\"robots\" content=\"index, follow, max-snippet:-1, max-image-preview:large, max-video-preview:-1\" \/>\n<link rel=\"canonical\" href=\"https:\/\/www.kosmoderma.com\/kosmoderma_old\/kosmoderma_old\/dermatologist-in-bangalore\/\" \/>\n<meta property=\"og:locale\" content=\"en_US\" \/>\n<meta property=\"og:type\" content=\"article\" \/>\n<meta property=\"og:title\" content=\"Top Dermatologist in Bangalore | Top Dermatology Treatments\" \/>\n<meta property=\"og:description\" content=\"Any skin concern can affect how your confidence. Kosmoderma dermatologists in Bangalore offer personalised solutions\" \/>\n<meta property=\"og:url\" content=\"https:\/\/www.kosmoderma.com\/kosmoderma_old\/kosmoderma_old\/dermatologist-in-bangalore\/\" \/>\n<meta property=\"og:site_name\" content=\"Kosmoderma\" \/>\n<meta property=\"article:modified_time\" content=\"2024-09-10T19:55:57+00:00\" \/>\n<meta name=\"twitter:card\" content=\"summary_large_image\" \/>\n<meta name=\"twitter:label1\" content=\"Est. reading time\" \/>\n\t<meta name=\"twitter:data1\" content=\"2 minutes\" \/>\n<!-- \/ Yoast SEO plugin. -->","yoast_head_json":{"title":"Top Dermatologist in Bangalore | Top Dermatology Treatments","description":"Any skin concern can affect how your confidence. Kosmoderma dermatologists in Bangalore offer personalised solutions","robots":{"index":"index","follow":"follow","max-snippet":"max-snippet:-1","max-image-preview":"max-image-preview:large","max-video-preview":"max-video-preview:-1"},"canonical":"https:\/\/www.kosmoderma.com\/kosmoderma_old\/kosmoderma_old\/dermatologist-in-bangalore\/","og_locale":"en_US","og_type":"article","og_title":"Top Dermatologist in Bangalore | Top Dermatology Treatments","og_description":"Any skin concern can affect how your confidence. Kosmoderma dermatologists in Bangalore offer personalised solutions","og_url":"https:\/\/www.kosmoderma.com\/kosmoderma_old\/kosmoderma_old\/dermatologist-in-bangalore\/","og_site_name":"Kosmoderma","article_modified_time":"2024-09-10T19:55:57+00:00","twitter_card":"summary_large_image","twitter_misc":{"Est. reading time":"2 minutes"},"schema":{"@context":"https:\/\/schema.org","@graph":[{"@type":"WebPage","@id":"https:\/\/www.kosmoderma.com\/kosmoderma_old\/kosmoderma_old\/dermatologist-in-bangalore\/","url":"https:\/\/www.kosmoderma.com\/kosmoderma_old\/kosmoderma_old\/dermatologist-in-bangalore\/","name":"Top Dermatologist in Bangalore | Top Dermatology Treatments","isPartOf":{"@id":"https:\/\/www.kosmoderma.com\/kosmoderma_old\/#website"},"datePublished":"2022-05-26T10:21:34+00:00","dateModified":"2024-09-10T19:55:57+00:00","description":"Any skin concern can affect how your confidence. Kosmoderma dermatologists in Bangalore offer personalised solutions","inLanguage":"en-US","potentialAction":[{"@type":"ReadAction","target":["https:\/\/www.kosmoderma.com\/kosmoderma_old\/kosmoderma_old\/dermatologist-in-bangalore\/"]}]},{"@type":"WebSite","@id":"https:\/\/www.kosmoderma.com\/kosmoderma_old\/#website","url":"https:\/\/www.kosmoderma.com\/kosmoderma_old\/","name":"Kosmoderma","description":"","publisher":{"@id":"https:\/\/www.kosmoderma.com\/kosmoderma_old\/#organization"},"alternateName":"Kosmoderma Skin, Hair and Body Clinics","potentialAction":[{"@type":"SearchAction","target":{"@type":"EntryPoint","urlTemplate":"https:\/\/www.kosmoderma.com\/kosmoderma_old\/?s={search_term_string}"},"query-input":{"@type":"PropertyValueSpecification","valueRequired":true,"valueName":"search_term_string"}}],"inLanguage":"en-US"},{"@type":"Organization","@id":"https:\/\/www.kosmoderma.com\/kosmoderma_old\/#organization","name":"Kosmoderma","url":"https:\/\/www.kosmoderma.com\/kosmoderma_old\/","logo":{"@type":"ImageObject","inLanguage":"en-US","@id":"https:\/\/www.kosmoderma.com\/kosmoderma_old\/#\/schema\/logo\/image\/","url":"https:\/\/www.kosmoderma.com\/kosmoderma_old\/wp-content\/uploads\/2021\/11\/cropped-KD-Logo-1.png","contentUrl":"https:\/\/www.kosmoderma.com\/kosmoderma_old\/wp-content\/uploads\/2021\/11\/cropped-KD-Logo-1.png","width":1399,"height":250,"caption":"Kosmoderma"},"image":{"@id":"https:\/\/www.kosmoderma.com\/kosmoderma_old\/#\/schema\/logo\/image\/"}}]}},"_links":{"self":[{"href":"https:\/\/www.kosmoderma.com\/kosmoderma_old\/wp-json\/wp\/v2\/pages\/5504","targetHints":{"allow":["GET"]}}],"collection":[{"href":"https:\/\/www.kosmoderma.com\/kosmoderma_old\/wp-json\/wp\/v2\/pages"}],"about":[{"href":"https:\/\/www.kosmoderma.com\/kosmoderma_old\/wp-json\/wp\/v2\/types\/page"}],"author":[{"embeddable":true,"href":"https:\/\/www.kosmoderma.com\/kosmoderma_old\/wp-json\/wp\/v2\/users\/1"}],"replies":[{"embeddable":true,"href":"https:\/\/www.kosmoderma.com\/kosmoderma_old\/wp-json\/wp\/v2\/comments?post=5504"}],"version-history":[{"count":31,"href":"https:\/\/www.kosmoderma.com\/kosmoderma_old\/wp-json\/wp\/v2\/pages\/5504\/revisions"}],"predecessor-version":[{"id":7236,"href":"https:\/\/www.kosmoderma.com\/kosmoderma_old\/wp-json\/wp\/v2\/pages\/5504\/revisions\/7236"}],"wp:attachment":[{"href":"https:\/\/www.kosmoderma.com\/kosmoderma_old\/wp-json\/wp\/v2\/media?parent=5504"}],"curies":[{"name":"wp","href":"https:\/\/api.w.org\/{rel}","templated":true}]}}